{"id":104,"date":"2026-04-15T20:10:39","date_gmt":"2026-04-15T20:10:39","guid":{"rendered":"https:\/\/xn--nachtgeflster-aurich-xec.de\/?page_id=104"},"modified":"2026-04-15T23:37:37","modified_gmt":"2026-04-15T23:37:37","slug":"nachtgefluester","status":"publish","type":"page","link":"http:\/\/xn--nachtgeflster-aurich-xec.de\/","title":{"rendered":"Nachtgefl\u00fcster"},"content":{"rendered":"\n<div class=\"wp-block-columns is-layout-flex wp-container-core-columns-is-layout-9d6595d7 wp-block-columns-is-layout-flex\">\n<div class=\"wp-block-column is-layout-flow wp-block-column-is-layout-flow\" style=\"flex-basis:66.66%\"><\/div>\n\n\n\n<div class=\"wp-block-column is-layout-flow wp-block-column-is-layout-flow\" style=\"flex-basis:33.33%\"><\/div>\n<\/div>\n\n\n\n<div class=\"wp-block-columns is-layout-flex wp-container-core-columns-is-layout-9d6595d7 wp-block-columns-is-layout-flex\">\n<div class=\"wp-block-column is-layout-flow wp-block-column-is-layout-flow\" style=\"flex-basis:66.66%\">\n<figure class=\"wp-block-image size-large\"><img loading=\"lazy\" decoding=\"async\" width=\"1024\" height=\"585\" src=\"http:\/\/xn--nachtgeflster-aurich-xec.de\/wp-content\/uploads\/2026\/02\/Gemini_Generated_Image_prb2awprb2awprb2-1024x585.png\" alt class=\"wp-image-42\" srcset=\"http:\/\/xn--nachtgeflster-aurich-xec.de\/wp-content\/uploads\/2026\/02\/Gemini_Generated_Image_prb2awprb2awprb2-1024x585.png 1024w, http:\/\/xn--nachtgeflster-aurich-xec.de\/wp-content\/uploads\/2026\/02\/Gemini_Generated_Image_prb2awprb2awprb2-300x171.png 300w, http:\/\/xn--nachtgeflster-aurich-xec.de\/wp-content\/uploads\/2026\/02\/Gemini_Generated_Image_prb2awprb2awprb2-768x439.png 768w, http:\/\/xn--nachtgeflster-aurich-xec.de\/wp-content\/uploads\/2026\/02\/Gemini_Generated_Image_prb2awprb2awprb2-613x350.png 613w, http:\/\/xn--nachtgeflster-aurich-xec.de\/wp-content\/uploads\/2026\/02\/Gemini_Generated_Image_prb2awprb2awprb2-150x86.png 150w, http:\/\/xn--nachtgeflster-aurich-xec.de\/wp-content\/uploads\/2026\/02\/Gemini_Generated_Image_prb2awprb2awprb2.png 1344w\" sizes=\"auto, (max-width: 1024px) 100vw, 1024px\"><\/figure>\n\n\n\n<h1 class=\"western\" style=\"text-align: center;\"><span style=\"font-family: georgia, palatino, serif;\">Kultur, Kulinarik und italienische N\u00e4chte<br><\/span><span style=\"font-family: georgia, palatino, serif; font-size: 18pt;\">Das 4. Auricher Nachtgefl\u00fcster l\u00e4dt ins Sch\u00fctzenhaus ein<\/span><\/h1>\n<p style=\"text-align: justify;\"><span style=\"font-family: georgia, palatino, serif; font-size: 14pt;\"><b>Am 16. Mai 2026 ver\u00adwan\u00addelt sich das Aurich\u00ader Sch\u00fctzen\u00adhaus erneut in den Mit\u00adtelpunkt der regionalen Kul\u00adturszene. Wenn sich um 19:00 Uhr die T\u00fcren zur vierten Aus\u00adgabe des \u201eAurich\u00ader Nacht\u00adge\u00adfl\u00fcsters\u201c \u00f6ff\u00adnen, erwartet die Besuch\u00ader eine anspruchsvolle Sym\u00adbiose aus s\u00fcdl\u00e4ndis\u00adchem Flair, leg\u00adend\u00e4ren Beats und exk\u00adlu\u00adsiv\u00aden Genuss\u00admo\u00admenten.<\/b><\/span><\/p>\n<p style=\"text-align: justify;\"><span style=\"font-family: georgia, palatino, serif; font-size: 14pt;\">Das Fun\u00adda\u00adment des \u201eNacht\u00adge\u00adfl\u00fcsters\u201c bildet ein kuratiertes Musikpro\u00adgramm, das bewusst die Br\u00fccke zwis\u00adchen intimer Konz\u00ader\u00adtat\u00admo\u00adsph\u00e4re und aus\u00adge\u00adlassen\u00ader Feier\u00adstim\u00admung schl\u00e4gt. Den Auf\u00adtakt macht Rober\u00adto Pen\u00adnisi, der mit sein\u00ader vir\u00adtu\u00adosen Live-Per\u00adfor\u00admance die sprich\u00adw\u00f6rtliche ital\u00adienis\u00adche Leichtigkeit ins Sch\u00fctzen\u00adhaus bringt. Seine Auftritte, die bere\u00adits durch seine bekan\u00adnten ital\u00adienis\u00adchen Abende auf dem Aurich\u00ader Mark\u00adt\u00adplatz eine feste Fange\u00admeinde in der Region gewon\u00adnen haben, ver\u00adlei\u00adhen dem Event eine ele\u00adgante, fast mediter\u00adrane Note.<\/span><\/p>\n<p style=\"text-align: right;\"><a href=\"https:\/\/nachtgefl\u00fcster-aurich.de\/?p=72\"><span style=\"font-family: georgia, palatino, serif; font-size: 18pt;\">Weit\u00ader\u00adlesen<\/span><\/a><\/p>\n<\/div>\n\n\n\n<div class=\"wp-block-column is-layout-flow wp-block-column-is-layout-flow\" style=\"flex-basis:33.33%\">\n<hr>\n<p><span style=\"font-family: georgia, palatino, serif; font-size: 18pt;\"><strong>WAS<\/strong><\/span><\/p>\n<p><span style=\"font-family: georgia, palatino, serif; font-size: 14pt;\">Feiern f\u00fcr ein Pub\u00adlikum, das Qual\u00adit\u00e4t zu sch\u00e4tzen wei\u00df<\/span><\/p>\n<p><span style=\"font-family: georgia, palatino, serif; font-size: 18pt;\"><strong>WO<\/strong><\/span><\/p>\n<p><span style=\"font-family: georgia, palatino, serif; font-size: 14pt;\">Aurich\u00ader Sch\u00fctzen\u00adhaus \u2014 Sch\u00fctzen\u00adstrasse 6<\/span><\/p>\n<p><span style=\"font-family: georgia, palatino, serif; font-size: 18pt;\"><strong>WANN<\/strong><\/span><\/p>\n<p><span style=\"font-family: georgia, palatino, serif; font-size: 14pt;\">Sonnabend, 16. Mai 2026 ab 19 Uhr<\/span><\/p>\n<p><span style=\"font-family: georgia, palatino, serif; font-size: 18pt;\"><strong>WER<\/strong><\/span><\/p>\n<p><span style=\"font-family: georgia, palatino, serif; font-size: 18pt;\"><a href=\"http:\/\/www.kaufmaennischer-verein.de\/\" target=\"_blank\" rel=\"noopener\">Kaufm\u00e4n\u00adnis\u00adch\u00ader Vere\u00adin Aurich<\/a><\/span><\/p>\n<p><span style=\"font-family: georgia, palatino, serif; font-size: 18pt;\"><a href=\"http:\/\/asv-aurich.de\" target=\"_blank\" rel=\"noopener\">Aurich\u00ader Sch\u00fctzen\u00advere\u00adin v. 1616<\/a><\/span><\/p>\n<p style=\"text-align: center;\"><strong><span style=\"font-family: georgia, palatino, serif;\">Ein\u00adtritt 15.- Euro<\/span><\/strong><br><span style=\"font-family: georgia, palatino, serif;\">Karten im ON-Media-Store<\/span><br><span style=\"font-family: georgia, palatino, serif;\">Kirch\u00adstra\u00dfe 8, Aurich<\/span><\/p>\n<hr>\n<p><span style=\"font-family: georgia, palatino, serif; font-size: 18pt;\"><strong>eMail: <span style=\"font-size: 12pt;\">info@nachtgefl\u00fcster-aurich.de<\/span><\/strong><\/span><\/p>\n<hr>\n\n\n\n<hr class=\"wp-block-separator has-alpha-channel-opacity\">\n\n\n\n<h1 class=\"wp-block-heading has-text-align-center\">Live mit Roberto Pennisi<\/h1>\n\n\n\n<iframe loading=\"lazy\" title=\"Moto e Blues\" src=\"https:\/\/www.youtube.com\/embed\/xLm63lW-KjA\" width=\"1312\" height=\"738\" frameborder=\"0\" allowfullscreen=\"allowfullscreen\"><\/iframe>\n<\/div>\n<\/div>\n\n\n\n<p>&nbsp;<\/p>\n","protected":false},"excerpt":{"rendered":"<p>Kul\u00adtur, Kuli\u00adnarik und ital\u00adienis\u00adche N\u00e4chteDas 4. Aurich\u00ader Nacht\u00adge\u00adfl\u00fcster l\u00e4dt ins Sch\u00fctzen\u00adhaus ein Am 16. Mai 2026 ver\u00adwan\u00addelt sich das Aurich\u00ader Sch\u00fctzen\u00adhaus erneut in den Mit\u00adtelpunkt der regionalen Kul\u00adturszene. Wenn sich um 19:00 Uhr die T\u00fcren zur vierten Aus\u00adgabe des \u201eAurich\u00ader Nacht\u00adge\u00adfl\u00fcsters\u201c \u00f6ff\u00adnen, erwartet die Besuch\u00ader eine anspruchsvolle Sym\u00adbiose aus s\u00fcdl\u00e4ndis\u00adchem\u2026 <a class=\"continue-reading-link\" href=\"http:\/\/xn--nachtgeflster-aurich-xec.de\/\">Con\u00adtin\u00adue read\u00ading<\/a><\/p>\n","protected":false},"author":1,"featured_media":0,"parent":0,"menu_order":0,"comment_status":"closed","ping_status":"closed","template":"","meta":{"_eb_attr":"","_uag_custom_page_level_css":"","wp_typography_post_enhancements_disabled":false,"_themeisle_gutenberg_block_has_review":false,"footnotes":""},"class_list":["post-104","page","type-page","status-publish","hentry"],"uagb_featured_image_src":{"full":false,"thumbnail":false,"medium":false,"medium_large":false,"large":false,"1536x1536":false,"2048x2048":false,"custom":false,"post-thumbnail":false,"header":false,"slider":false,"parabola-columns":false},"uagb_author_info":{"display_name":"admin","author_link":"http:\/\/xn--nachtgeflster-aurich-xec.de\/?author=1"},"uagb_comment_info":0,"uagb_excerpt":"Kultur, Kulinarik und italienische N\u00e4chteDas 4. Auricher Nachtgefl\u00fcster l\u00e4dt ins Sch\u00fctzenhaus ein Am 16. Mai 2026 ver\u00adwan\u00addelt sich das Aurich\u00ader Sch\u00fctzen\u00adhaus erneut in den Mit\u00adtelpunkt der regionalen Kul\u00adturszene. Wenn sich um 19:00 Uhr die T\u00fcren zur vierten Aus\u00adgabe des \u201eAurich\u00ader Nacht\u00adge\u00adfl\u00fcsters\u201c \u00f6ff\u00adnen, erwartet die Besuch\u00ader eine anspruchsvolle Sym\u00adbiose aus s\u00fcdl\u00e4ndis\u00adchem... Continue reading","_links":{"self":[{"href":"http:\/\/xn--nachtgeflster-aurich-xec.de\/index.php?rest_route=\/wp\/v2\/pages\/104","targetHints":{"allow":["GET"]}}],"collection":[{"href":"http:\/\/xn--nachtgeflster-aurich-xec.de\/index.php?rest_route=\/wp\/v2\/pages"}],"about":[{"href":"http:\/\/xn--nachtgeflster-aurich-xec.de\/index.php?rest_route=\/wp\/v2\/types\/page"}],"author":[{"embeddable":true,"href":"http:\/\/xn--nachtgeflster-aurich-xec.de\/index.php?rest_route=\/wp\/v2\/users\/1"}],"replies":[{"embeddable":true,"href":"http:\/\/xn--nachtgeflster-aurich-xec.de\/index.php?rest_route=%2Fwp%2Fv2%2Fcomments&post=104"}],"version-history":[{"count":6,"href":"http:\/\/xn--nachtgeflster-aurich-xec.de\/index.php?rest_route=\/wp\/v2\/pages\/104\/revisions"}],"predecessor-version":[{"id":123,"href":"http:\/\/xn--nachtgeflster-aurich-xec.de\/index.php?rest_route=\/wp\/v2\/pages\/104\/revisions\/123"}],"wp:attachment":[{"href":"http:\/\/xn--nachtgeflster-aurich-xec.de\/index.php?rest_route=%2Fwp%2Fv2%2Fmedia&parent=104"}],"curies":[{"name":"wp","href":"https:\/\/api.w.org\/{rel}","templated":true}]}}